{"id":35,"date":"2017-03-01T10:48:27","date_gmt":"2017-03-01T10:48:27","guid":{"rendered":"https:\/\/demo.mekshq.com\/typology\/?page_id=35"},"modified":"2025-12-01T16:17:52","modified_gmt":"2025-12-01T16:17:52","slug":"35-2","status":"publish","type":"page","link":"https:\/\/tompla.online\/","title":{"rendered":""},"content":{"rendered":"\n<div style=\"max-width: 720px; margin:0 auto; display:inline-block;\">\n<h1 style=\"text-align: center;\"><\/h1>\n<p style=\"text-align: center; margin-bottom: 0;\"><b>Przeczytasz tutaj czego dowiedzia\u0142em si\u0119 jako badacz spo\u0142eczny i co w kulturze wywar\u0142o na mnie wra\u017cenie. Namiary na co ciekawsze z opublikowanych tekst\u00f3w oraz teksty, kt\u00f3re dopiero czekaj\u0105 na Czytelnika\/Czytelniczk\u0119. Mo\u017ce to Ty? Uwaga: w recenzjach z zasady spoileruj\u0119. <\/b><\/p>\n<\/div>\n\n\n\n<p><\/p>\n","protected":false},"excerpt":{"rendered":"<p>Przeczytasz tutaj czego dowiedzia\u0142em si\u0119 jako badacz spo\u0142eczny i co w kulturze wywar\u0142o na mnie wra\u017cenie. Namiary na co ciekawsze z opublikowanych tekst\u00f3w oraz teksty, kt\u00f3re dopiero czekaj\u0105 na Czytelnika\/Czytelniczk\u0119. Mo\u017ce to Ty? Uwaga: w recenzjach z zasady spoileruj\u0119.<\/p>\n","protected":false},"author":1,"featured_media":0,"parent":0,"menu_order":0,"comment_status":"closed","ping_status":"closed","template":"","meta":{"_monsterinsights_skip_tracking":false,"_monsterinsights_sitenote_active":false,"_monsterinsights_sitenote_note":"","_monsterinsights_sitenote_category":0,"footnotes":""},"class_list":["post-35","page","type-page","status-publish","hentry"],"_links":{"self":[{"href":"https:\/\/tompla.online\/index.php?rest_route=\/wp\/v2\/pages\/35","targetHints":{"allow":["GET"]}}],"collection":[{"href":"https:\/\/tompla.online\/index.php?rest_route=\/wp\/v2\/pages"}],"about":[{"href":"https:\/\/tompla.online\/index.php?rest_route=\/wp\/v2\/types\/page"}],"author":[{"embeddable":true,"href":"https:\/\/tompla.online\/index.php?rest_route=\/wp\/v2\/users\/1"}],"replies":[{"embeddable":true,"href":"https:\/\/tompla.online\/index.php?rest_route=%2Fwp%2Fv2%2Fcomments&post=35"}],"version-history":[{"count":18,"href":"https:\/\/tompla.online\/index.php?rest_route=\/wp\/v2\/pages\/35\/revisions"}],"predecessor-version":[{"id":835,"href":"https:\/\/tompla.online\/index.php?rest_route=\/wp\/v2\/pages\/35\/revisions\/835"}],"wp:attachment":[{"href":"https:\/\/tompla.online\/index.php?rest_route=%2Fwp%2Fv2%2Fmedia&parent=35"}],"curies":[{"name":"wp","href":"https:\/\/api.w.org\/{rel}","templated":true}]}}